{"id":4880,"date":"2016-08-03T09:57:17","date_gmt":"2016-08-03T09:57:17","guid":{"rendered":"https:\/\/mmstudio.hu\/szolgaltatasok\/"},"modified":"2026-01-29T10:35:47","modified_gmt":"2026-01-29T10:35:47","slug":"services","status":"publish","type":"page","link":"https:\/\/mmstudio.hu\/en\/services\/","title":{"rendered":"Services"},"content":{"rendered":"<section class=\"l-section wpb_row us_custom_e11ab399 height_custom\"><div class=\"l-section-h i-cf\"><div class=\"g-cols vc_row via_flex valign_top type_default reversed stacking_default\"><div class=\"vc_col-sm-6 wpb_column vc_column_container\"><div class=\"vc_column-inner us_custom_60e9caca us_animate_this\"><div class=\"wpb_wrapper\"><h1 class=\"w-post-elm post_title entry-title color_link_inherit\">Services<\/h1><div class=\"wpb_text_column\"><div class=\"wpb_wrapper\"><p>MM Studio offers you a range of services, with state-of-the-art equipment and expert help.<\/p>\n<\/div><\/div><\/div><\/div><\/div><div class=\"vc_col-sm-6 wpb_column vc_column_container\"><div class=\"vc_column-inner\"><div class=\"wpb_wrapper\"><\/div><\/div><\/div><\/div><\/div><\/section><section class=\"l-section wpb_row height_custom\"><div class=\"l-section-h i-cf\"><div class=\"g-cols vc_row via_flex valign_top type_default stacking_default\"><div class=\"vc_col-sm-12 wpb_column vc_column_container\"><div class=\"vc_column-inner us_custom_de366d1c us_animate_this\"><div class=\"wpb_wrapper\"><div class=\"w-grid gridreverse type_grid layout_4013\" id=\"us_grid_1\" style=\"--gap:0rem;\"><style>.layout_4013 .w-grid-item-h{}.layout_4013 .usg_hwrapper_1{width:100%!important}.layout_4013 .usg_vwrapper_1{width:100%!important}.layout_4013 .usg_vwrapper_2{width:100%!important}.layout_4013 .usg_post_image_1{max-height:70vh!important}.layout_4013 .usg_post_content_1{max-width:800px!important}.layout_4013 .usg_btn_1{max-width:370px!important;margin-top:2rem!important}.layout_4013 .usg_vwrapper_3{padding:3rem!important}@media (min-width:1025px) and (max-width:1380px){.layout_4013 .usg_hwrapper_1{width:100%!important}.layout_4013 .usg_vwrapper_3{padding:3rem 2rem 3rem 2rem!important}}@media (min-width:601px) and (max-width:1024px){.layout_4013 .usg_hwrapper_1{width:100%!important;height:100%!important}.layout_4013 .usg_vwrapper_3{padding:3rem 2.5rem 3rem 2.5rem!important}}@media (max-width:600px){.layout_4013 .usg_hwrapper_1{width:100%!important;height:100%!important}.layout_4013 .usg_vwrapper_3{padding:3rem 1.2rem 3rem 1.2rem!important}}<\/style><div class=\"w-grid-list\">\t<article class=\"w-grid-item size_1x1 post-5489 page type-page status-publish has-post-thumbnail hentry\" data-id=\"5489\">\r\n\t\t<div class=\"w-grid-item-h\">\r\n\t\t\t\t\t\t<div class=\"w-hwrapper usg_hwrapper_1 align_none valign_middle stack_on_mobiles\" style=\"--hwrapper-gap:0rem\"><div class=\"w-vwrapper usg_vwrapper_1 align_none valign_middle\"><div class=\"w-post-elm post_image usg_post_image_1 has_height has_ratio\"><div style=\"padding-bottom:100%\"><\/div><a href=\"https:\/\/mmstudio.hu\/en\/services\/fashion-workshop-illya-ovchar\/\" aria-label=\"Fashion Photography Workshop with Illya Ovchar\"><img decoding=\"async\" width=\"1920\" height=\"1440\" src=\"https:\/\/mmstudio.hu\/wp-content\/uploads\/2026\/02\/499155625_3866531446991300_4938700888595521778_n-scaled.jpg\" class=\"attachment-full size-full wp-post-image\" alt=\"\" srcset=\"https:\/\/mmstudio.hu\/wp-content\/uploads\/2026\/02\/499155625_3866531446991300_4938700888595521778_n-scaled.jpg 1920w, https:\/\/mmstudio.hu\/wp-content\/uploads\/2026\/02\/499155625_3866531446991300_4938700888595521778_n-300x225.jpg 300w, https:\/\/mmstudio.hu\/wp-content\/uploads\/2026\/02\/499155625_3866531446991300_4938700888595521778_n-1024x768.jpg 1024w, https:\/\/mmstudio.hu\/wp-content\/uploads\/2026\/02\/499155625_3866531446991300_4938700888595521778_n-1536x1152.jpg 1536w\" sizes=\"(max-width: 1920px) 100vw, 1920px\" \/><\/a><\/div><\/div><div class=\"w-vwrapper usg_vwrapper_2 align_none valign_middle\"><div class=\"w-vwrapper usg_vwrapper_3 align_none valign_top\"><h3 class=\"w-post-elm post_title usg_post_title_1 entry-title color_link_inherit\"><a href=\"https:\/\/mmstudio.hu\/en\/services\/fashion-workshop-illya-ovchar\/\">Fashion Photography Workshop with Illya Ovchar<\/a><\/h3><div class=\"w-post-elm post_content usg_post_content_1\"><p>Illya Ovchar is a young European fashion photographer. He works between Paris, Milan, and Munich, and regularly shoots for agencies and magazines.<br \/>\nWorkshop: April 19.<\/p>\n<\/div><a class=\"w-btn us-btn-style_1 usg_btn_1\" href=\"https:\/\/mmstudio.hu\/en\/services\/fashion-workshop-illya-ovchar\/\"><span class=\"w-btn-label\">Go to services<\/span><\/a><\/div><\/div><\/div>\t\t<\/div>\r\n\t\t\t<\/article>\r\n\t<article class=\"w-grid-item size_1x1 post-4885 page type-page status-publish has-post-thumbnail hentry\" data-id=\"4885\">\r\n\t\t<div class=\"w-grid-item-h\">\r\n\t\t\t\t\t\t<div class=\"w-hwrapper usg_hwrapper_1 align_none valign_middle stack_on_mobiles\" style=\"--hwrapper-gap:0rem\"><div class=\"w-vwrapper usg_vwrapper_1 align_none valign_middle\"><div class=\"w-post-elm post_image usg_post_image_1 has_height has_ratio\"><div style=\"padding-bottom:100%\"><\/div><a href=\"https:\/\/mmstudio.hu\/en\/services\/event\/\" aria-label=\"Event\"><img decoding=\"async\" width=\"1920\" height=\"1280\" src=\"https:\/\/mmstudio.hu\/wp-content\/uploads\/2024\/05\/MM-Studio-Szolgaltatasok-Rendezveny-001.jpg\" class=\"attachment-full size-full wp-post-image\" alt=\"\" srcset=\"https:\/\/mmstudio.hu\/wp-content\/uploads\/2024\/05\/MM-Studio-Szolgaltatasok-Rendezveny-001.jpg 1920w, https:\/\/mmstudio.hu\/wp-content\/uploads\/2024\/05\/MM-Studio-Szolgaltatasok-Rendezveny-001-300x200.jpg 300w, https:\/\/mmstudio.hu\/wp-content\/uploads\/2024\/05\/MM-Studio-Szolgaltatasok-Rendezveny-001-1024x683.jpg 1024w, https:\/\/mmstudio.hu\/wp-content\/uploads\/2024\/05\/MM-Studio-Szolgaltatasok-Rendezveny-001-1536x1024.jpg 1536w\" sizes=\"(max-width: 1920px) 100vw, 1920px\" \/><\/a><\/div><\/div><div class=\"w-vwrapper usg_vwrapper_2 align_none valign_middle\"><div class=\"w-vwrapper usg_vwrapper_3 align_none valign_top\"><h3 class=\"w-post-elm post_title usg_post_title_1 entry-title color_link_inherit\"><a href=\"https:\/\/mmstudio.hu\/en\/services\/event\/\">Event<\/a><\/h3><div class=\"w-post-elm post_content usg_post_content_1\"><p>Thanks to our studio\u2019s central location and spacious interior, it is suitable for hosting events with up to 20 people, depending on the type of event. The minimalist-style space consists of a large room, a dressing room suitable for use as a cloakroom, and a kitchen.<\/p>\n<\/div><a class=\"w-btn us-btn-style_1 usg_btn_1\" href=\"https:\/\/mmstudio.hu\/en\/services\/event\/\"><span class=\"w-btn-label\">Go to services<\/span><\/a><\/div><\/div><\/div>\t\t<\/div>\r\n\t\t\t<\/article>\r\n\t<article class=\"w-grid-item size_1x1 post-4892 page type-page status-publish has-post-thumbnail hentry\" data-id=\"4892\">\r\n\t\t<div class=\"w-grid-item-h\">\r\n\t\t\t\t\t\t<div class=\"w-hwrapper usg_hwrapper_1 align_none valign_middle stack_on_mobiles\" style=\"--hwrapper-gap:0rem\"><div class=\"w-vwrapper usg_vwrapper_1 align_none valign_middle\"><div class=\"w-post-elm post_image usg_post_image_1 has_height has_ratio\"><div style=\"padding-bottom:100%\"><\/div><a href=\"https:\/\/mmstudio.hu\/en\/services\/workshop\/\" aria-label=\"Workshop\"><img decoding=\"async\" width=\"1920\" height=\"1280\" src=\"https:\/\/mmstudio.hu\/wp-content\/uploads\/2024\/05\/MM-Studio-Szolgaltatasok-Workshop-002.jpg\" class=\"attachment-full size-full wp-post-image\" alt=\"\" srcset=\"https:\/\/mmstudio.hu\/wp-content\/uploads\/2024\/05\/MM-Studio-Szolgaltatasok-Workshop-002.jpg 1920w, https:\/\/mmstudio.hu\/wp-content\/uploads\/2024\/05\/MM-Studio-Szolgaltatasok-Workshop-002-300x200.jpg 300w, https:\/\/mmstudio.hu\/wp-content\/uploads\/2024\/05\/MM-Studio-Szolgaltatasok-Workshop-002-1024x683.jpg 1024w, https:\/\/mmstudio.hu\/wp-content\/uploads\/2024\/05\/MM-Studio-Szolgaltatasok-Workshop-002-1536x1024.jpg 1536w\" sizes=\"(max-width: 1920px) 100vw, 1920px\" \/><\/a><\/div><\/div><div class=\"w-vwrapper usg_vwrapper_2 align_none valign_middle\"><div class=\"w-vwrapper usg_vwrapper_3 align_none valign_top\"><h3 class=\"w-post-elm post_title usg_post_title_1 entry-title color_link_inherit\"><a href=\"https:\/\/mmstudio.hu\/en\/services\/workshop\/\">Workshop<\/a><\/h3><div class=\"w-post-elm post_content usg_post_content_1\"><p>Our studio is a great place to hold a small number of workshops. Whether it is a retouching, portrait photography or even a face chart workshop.<\/p>\n<\/div><a class=\"w-btn us-btn-style_1 usg_btn_1\" href=\"https:\/\/mmstudio.hu\/en\/services\/workshop\/\"><span class=\"w-btn-label\">Go to services<\/span><\/a><\/div><\/div><\/div>\t\t<\/div>\r\n\t\t\t<\/article>\r\n<\/div><div class=\"w-grid-preloader\">\t<div class=\"g-preloader type_1\">\r\n\t\t<div><\/div>\r\n\t<\/div>\r\n\t<\/div>\t<div class=\"w-grid-json hidden\" onclick='return {&quot;action&quot;:&quot;us_ajax_grid&quot;,&quot;infinite_scroll&quot;:0,&quot;max_num_pages&quot;:1,&quot;pagination&quot;:&quot;none&quot;,&quot;template_vars&quot;:{&quot;columns&quot;:&quot;1&quot;,&quot;exclude_items&quot;:&quot;none&quot;,&quot;img_size&quot;:&quot;default&quot;,&quot;ignore_items_size&quot;:0,&quot;items_layout&quot;:&quot;4013&quot;,&quot;items_offset&quot;:&quot;1&quot;,&quot;load_animation&quot;:&quot;none&quot;,&quot;overriding_link&quot;:&quot;%7B%22url%22%3A%22%22%7D&quot;,&quot;post_id&quot;:0,&quot;query_args&quot;:{&quot;ignore_sticky_posts&quot;:1,&quot;post_type&quot;:&quot;any&quot;,&quot;post__in&quot;:[&quot;5489&quot;,&quot;4885&quot;,&quot;4892&quot;],&quot;posts_per_page&quot;:&quot;10&quot;},&quot;orderby_query_args&quot;:{&quot;orderby&quot;:{&quot;post__in&quot;:&quot;ASC&quot;},&quot;order&quot;:&quot;ASC&quot;},&quot;type&quot;:&quot;grid&quot;,&quot;us_grid_post_type&quot;:&quot;ids&quot;,&quot;us_grid_ajax_index&quot;:1,&quot;us_grid_filter_params&quot;:[],&quot;us_grid_index&quot;:1,&quot;page_args&quot;:[],&quot;lang&quot;:&quot;en&quot;}}'><\/div>\r\n\t<\/div><\/div><\/div><\/div><\/div><\/div><\/section><section class=\"l-section wpb_row height_auto width_full\"><div class=\"l-section-overlay\" style=\"background:var(--color-chrome-toolbar)\"><\/div><div class=\"l-section-h i-cf\"><div class=\"g-cols vc_row via_flex valign_top type_default stacking_default\"><div class=\"vc_col-sm-12 wpb_column vc_column_container\"><div class=\"vc_column-inner\"><div class=\"wpb_wrapper\"><section class=\"l-section wpb_row height_large\"><div class=\"l-section-h i-cf\"><div class=\"g-cols vc_row via_flex valign_top type_default stacking_default\"><div class=\"vc_col-sm-8 wpb_column vc_column_container\"><div class=\"vc_column-inner\"><div class=\"wpb_wrapper\"><div class=\"wpb_text_column us_custom_12829b65 us_animate_this\"><div class=\"wpb_wrapper\"><h3>Book an appointment online<\/h3>\n<\/div><\/div><div class=\"w-separator size_custom\" style=\"height:1rem\"><\/div><div class=\"wpb_text_column us_custom_f0d1e046 us_animate_this\"><div class=\"wpb_wrapper\"><p>If you have any questions, please contact us at the contact details below.<\/p>\n<\/div><\/div><\/div><\/div><\/div><div class=\"vc_col-sm-4 wpb_column vc_column_container\"><div class=\"vc_column-inner\"><div class=\"wpb_wrapper\"><div class=\"w-btn-wrapper default_align_right laptops_align_right tablets_align_left mobiles_align_left\"><a class=\"w-btn us-btn-style_1\" href=\"\/en\/#foglalj\"><span class=\"w-btn-label\">Booking<\/span><\/a><\/div><\/div><\/div><\/div><\/div><\/div><\/section>\n<\/div><\/div><\/div><\/div><\/div><\/section>\n","protected":false},"excerpt":{"rendered":"WorkshopIdeal for studio photography and art trainingOur studio is a great place to hold a small number of workshops. Whether it is a retouching, portrait photography or even a face chart workshop. Includes: Samsung 65\" UHD TV, tables and chairs For a quote please email me (minimum 3 hours)","protected":false},"author":1,"featured_media":0,"parent":0,"menu_order":0,"comment_status":"closed","ping_status":"closed","template":"","meta":{"_acf_changed":false,"footnotes":""},"acf":[],"yoast_head":"<!-- This site is optimized with the Yoast SEO plugin v22.8 - https:\/\/yoast.com\/wordpress\/plugins\/seo\/ -->\n<title>Services | MM Studio<\/title>\n<meta name=\"robots\" content=\"index, follow, max-snippet:-1, max-image-preview:large, max-video-preview:-1\" \/>\n<link rel=\"canonical\" href=\"https:\/\/mmstudio.hu\/en\/services\/\" \/>\n<meta property=\"og:locale\" content=\"en_US\" \/>\n<meta property=\"og:type\" content=\"article\" \/>\n<meta property=\"og:title\" content=\"Services | MM Studio\" \/>\n<meta property=\"og:url\" content=\"https:\/\/mmstudio.hu\/en\/services\/\" \/>\n<meta property=\"og:site_name\" content=\"MM Studio\" \/>\n<meta property=\"article:publisher\" content=\"https:\/\/www.facebook.com\/MMStudioBudapest\/\" \/>\n<meta property=\"article:modified_time\" content=\"2026-01-29T10:35:47+00:00\" \/>\n<meta property=\"og:image\" content=\"https:\/\/mmstudio.hu\/wp-content\/uploads\/2024\/05\/MM-Studio-003.jpg\" \/>\n\t<meta property=\"og:image:width\" content=\"1920\" \/>\n\t<meta property=\"og:image:height\" content=\"1440\" \/>\n\t<meta property=\"og:image:type\" content=\"image\/jpeg\" \/>\n<meta name=\"twitter:card\" content=\"summary_large_image\" \/>\n<meta name=\"twitter:label1\" content=\"Est. reading time\" \/>\n\t<meta name=\"twitter:data1\" content=\"1 minute\" \/>\n<script type=\"application\/ld+json\" class=\"yoast-schema-graph\">{\"@context\":\"https:\/\/schema.org\",\"@graph\":[{\"@type\":\"WebPage\",\"@id\":\"https:\/\/mmstudio.hu\/en\/services\/\",\"url\":\"https:\/\/mmstudio.hu\/en\/services\/\",\"name\":\"Services | MM Studio\",\"isPartOf\":{\"@id\":\"https:\/\/mmstudio.hu\/en\/#website\"},\"datePublished\":\"2016-08-03T09:57:17+00:00\",\"dateModified\":\"2026-01-29T10:35:47+00:00\",\"breadcrumb\":{\"@id\":\"https:\/\/mmstudio.hu\/en\/services\/#breadcrumb\"},\"inLanguage\":\"en-US\",\"potentialAction\":[{\"@type\":\"ReadAction\",\"target\":[\"https:\/\/mmstudio.hu\/en\/services\/\"]}]},{\"@type\":\"BreadcrumbList\",\"@id\":\"https:\/\/mmstudio.hu\/en\/services\/#breadcrumb\",\"itemListElement\":[{\"@type\":\"ListItem\",\"position\":1,\"name\":\"Kezd\u0151lap\",\"item\":\"https:\/\/mmstudio.hu\/en\/\"},{\"@type\":\"ListItem\",\"position\":2,\"name\":\"Services\"}]},{\"@type\":\"WebSite\",\"@id\":\"https:\/\/mmstudio.hu\/en\/#website\",\"url\":\"https:\/\/mmstudio.hu\/en\/\",\"name\":\"MM Studio\",\"description\":\"B\u00e9relhet\u0151 fot\u00f3st\u00fadi\u00f3\",\"publisher\":{\"@id\":\"https:\/\/mmstudio.hu\/en\/#organization\"},\"potentialAction\":[{\"@type\":\"SearchAction\",\"target\":{\"@type\":\"EntryPoint\",\"urlTemplate\":\"https:\/\/mmstudio.hu\/en\/?s={search_term_string}\"},\"query-input\":\"required name=search_term_string\"}],\"inLanguage\":\"en-US\"},{\"@type\":\"Organization\",\"@id\":\"https:\/\/mmstudio.hu\/en\/#organization\",\"name\":\"MM Studio\",\"url\":\"https:\/\/mmstudio.hu\/en\/\",\"logo\":{\"@type\":\"ImageObject\",\"inLanguage\":\"en-US\",\"@id\":\"https:\/\/mmstudio.hu\/en\/#\/schema\/logo\/image\/\",\"url\":\"https:\/\/mmstudio.hu\/wp-content\/uploads\/2024\/04\/mm_logo-b.png\",\"contentUrl\":\"https:\/\/mmstudio.hu\/wp-content\/uploads\/2024\/04\/mm_logo-b.png\",\"width\":600,\"height\":207,\"caption\":\"MM Studio\"},\"image\":{\"@id\":\"https:\/\/mmstudio.hu\/en\/#\/schema\/logo\/image\/\"},\"sameAs\":[\"https:\/\/www.facebook.com\/MMStudioBudapest\/\"]}]}<\/script>\n<!-- \/ Yoast SEO plugin. -->","yoast_head_json":{"title":"Services | MM Studio","robots":{"index":"index","follow":"follow","max-snippet":"max-snippet:-1","max-image-preview":"max-image-preview:large","max-video-preview":"max-video-preview:-1"},"canonical":"https:\/\/mmstudio.hu\/en\/services\/","og_locale":"en_US","og_type":"article","og_title":"Services | MM Studio","og_url":"https:\/\/mmstudio.hu\/en\/services\/","og_site_name":"MM Studio","article_publisher":"https:\/\/www.facebook.com\/MMStudioBudapest\/","article_modified_time":"2026-01-29T10:35:47+00:00","og_image":[{"width":1920,"height":1440,"url":"https:\/\/mmstudio.hu\/wp-content\/uploads\/2024\/05\/MM-Studio-003.jpg","type":"image\/jpeg"}],"twitter_card":"summary_large_image","twitter_misc":{"Est. reading time":"1 minute"},"schema":{"@context":"https:\/\/schema.org","@graph":[{"@type":"WebPage","@id":"https:\/\/mmstudio.hu\/en\/services\/","url":"https:\/\/mmstudio.hu\/en\/services\/","name":"Services | MM Studio","isPartOf":{"@id":"https:\/\/mmstudio.hu\/en\/#website"},"datePublished":"2016-08-03T09:57:17+00:00","dateModified":"2026-01-29T10:35:47+00:00","breadcrumb":{"@id":"https:\/\/mmstudio.hu\/en\/services\/#breadcrumb"},"inLanguage":"en-US","potentialAction":[{"@type":"ReadAction","target":["https:\/\/mmstudio.hu\/en\/services\/"]}]},{"@type":"BreadcrumbList","@id":"https:\/\/mmstudio.hu\/en\/services\/#breadcrumb","itemListElement":[{"@type":"ListItem","position":1,"name":"Kezd\u0151lap","item":"https:\/\/mmstudio.hu\/en\/"},{"@type":"ListItem","position":2,"name":"Services"}]},{"@type":"WebSite","@id":"https:\/\/mmstudio.hu\/en\/#website","url":"https:\/\/mmstudio.hu\/en\/","name":"MM Studio","description":"B\u00e9relhet\u0151 fot\u00f3st\u00fadi\u00f3","publisher":{"@id":"https:\/\/mmstudio.hu\/en\/#organization"},"potentialAction":[{"@type":"SearchAction","target":{"@type":"EntryPoint","urlTemplate":"https:\/\/mmstudio.hu\/en\/?s={search_term_string}"},"query-input":"required name=search_term_string"}],"inLanguage":"en-US"},{"@type":"Organization","@id":"https:\/\/mmstudio.hu\/en\/#organization","name":"MM Studio","url":"https:\/\/mmstudio.hu\/en\/","logo":{"@type":"ImageObject","inLanguage":"en-US","@id":"https:\/\/mmstudio.hu\/en\/#\/schema\/logo\/image\/","url":"https:\/\/mmstudio.hu\/wp-content\/uploads\/2024\/04\/mm_logo-b.png","contentUrl":"https:\/\/mmstudio.hu\/wp-content\/uploads\/2024\/04\/mm_logo-b.png","width":600,"height":207,"caption":"MM Studio"},"image":{"@id":"https:\/\/mmstudio.hu\/en\/#\/schema\/logo\/image\/"},"sameAs":["https:\/\/www.facebook.com\/MMStudioBudapest\/"]}]}},"_links":{"self":[{"href":"https:\/\/mmstudio.hu\/en\/wp-json\/wp\/v2\/pages\/4880"}],"collection":[{"href":"https:\/\/mmstudio.hu\/en\/wp-json\/wp\/v2\/pages"}],"about":[{"href":"https:\/\/mmstudio.hu\/en\/wp-json\/wp\/v2\/types\/page"}],"author":[{"embeddable":true,"href":"https:\/\/mmstudio.hu\/en\/wp-json\/wp\/v2\/users\/1"}],"replies":[{"embeddable":true,"href":"https:\/\/mmstudio.hu\/en\/wp-json\/wp\/v2\/comments?post=4880"}],"version-history":[{"count":3,"href":"https:\/\/mmstudio.hu\/en\/wp-json\/wp\/v2\/pages\/4880\/revisions"}],"predecessor-version":[{"id":5495,"href":"https:\/\/mmstudio.hu\/en\/wp-json\/wp\/v2\/pages\/4880\/revisions\/5495"}],"wp:attachment":[{"href":"https:\/\/mmstudio.hu\/en\/wp-json\/wp\/v2\/media?parent=4880"}],"curies":[{"name":"wp","href":"https:\/\/api.w.org\/{rel}","templated":true}]}}