{"id":4889,"date":"2024-05-30T11:27:30","date_gmt":"2024-05-30T11:27:30","guid":{"rendered":"https:\/\/mmstudio.hu\/services\/szuletesnap-lany-es-legenybucsu-fotozassal\/"},"modified":"2025-02-28T14:34:41","modified_gmt":"2025-02-28T14:34:41","slug":"birthday","status":"publish","type":"page","link":"https:\/\/mmstudio.hu\/en\/services\/birthday\/","title":{"rendered":"Birthday"},"content":{"rendered":"<section class=\"l-section wpb_row us_custom_81f65fa3 flex-row height_custom color_primary with_img parallax_ver\"><div class=\"l-section-img\" role=\"img\" data-img-width=\"1920\" data-img-height=\"1280\" style=\"background-image: url(https:\/\/mmstudio.hu\/wp-content\/uploads\/2024\/05\/IMG_0081.jpg);\"><\/div><div class=\"l-section-overlay\" style=\"background:rgba(0,0,0,0.35)\"><\/div><div class=\"l-section-h i-cf\"><div class=\"g-cols vc_row via_flex valign_middle type_default stacking_default\"><div class=\"vc_col-sm-12 wpb_column vc_column_container\"><div class=\"vc_column-inner\"><div class=\"wpb_wrapper\"><h1 class=\"w-post-elm post_title align_left entry-title color_link_inherit\">Birthday<\/h1><\/div><\/div><\/div><\/div><\/div><\/section><section class=\"l-section wpb_row height_custom\"><div class=\"l-section-h i-cf\"><div class=\"g-cols vc_row via_flex valign_top type_default stacking_default\" style=\"--additional-gap:2rem;\"><div class=\"vc_col-sm-6 wpb_column vc_column_container\"><div class=\"vc_column-inner\"><div class=\"wpb_wrapper\"><h3 class=\"w-text\"><span class=\"w-text-h\"><span class=\"w-text-value\">Celebrate at MM Studio!<\/span><\/span><\/h3><div class=\"wpb_text_column\"><div class=\"wpb_wrapper\"><p>In the heart of the city centre, a magical place awaits you! Celebrate your birthday or a bachelorette party at our studio, where you can not only kick off the party but also capture unforgettable memories.<\/p>\n<\/div><\/div><div class=\"w-separator size_medium\"><\/div><div class=\"g-cols wpb_row via_flex valign_top type_default stacking_default\"><div class=\"vc_col-sm-12 wpb_column vc_column_container\"><div class=\"vc_column-inner\"><div class=\"wpb_wrapper\"><div class=\"wpb_text_column\"><div class=\"wpb_wrapper\"><p>What do we offer?<\/p>\n<\/div><\/div><div class=\"w-separator size_small\"><\/div><div class=\"w-hwrapper valign_top stack_on_mobiles align_none\"><div class=\"w-vwrapper align_none valign_top\"><div class=\"w-iconbox iconpos_left style_default color_primary align_left no_title\"><div class=\"w-iconbox-icon\" style=\"font-size:1rem;\"><i class=\"fal fa-check\"><\/i><\/div><div class=\"w-iconbox-meta\"><div class=\"w-iconbox-text\"><p>4 hours studio rental: dance, laugh and enjoy the company of friends!<\/p>\n<\/div><\/div><\/div><div class=\"w-iconbox iconpos_left style_default color_primary align_left no_title\"><div class=\"w-iconbox-icon\" style=\"font-size:1rem;\"><i class=\"fal fa-check\"><\/i><\/div><div class=\"w-iconbox-meta\"><div class=\"w-iconbox-text\"><p>1 hour professional photo shoot: be the star at your own party!<\/p>\n<\/div><\/div><\/div><div class=\"w-iconbox iconpos_left style_default color_primary align_left no_title\"><div class=\"w-iconbox-icon\" style=\"font-size:1rem;\"><i class=\"fal fa-check\"><\/i><\/div><div class=\"w-iconbox-meta\"><div class=\"w-iconbox-text\"><p>20 printed photos: take home the best moments of the party!<\/p>\n<\/div><\/div><\/div><div class=\"w-iconbox iconpos_left style_default color_primary align_left no_title\"><div class=\"w-iconbox-icon\" style=\"font-size:1rem;\"><i class=\"fal fa-check\"><\/i><\/div><div class=\"w-iconbox-meta\"><div class=\"w-iconbox-text\"><p>LED lights: for the perfect party atmosphere!<\/p>\n<\/div><\/div><\/div><div class=\"w-iconbox iconpos_left style_default color_primary align_left no_title\"><div class=\"w-iconbox-icon\" style=\"font-size:1rem;\"><i class=\"fal fa-check\"><\/i><\/div><div class=\"w-iconbox-meta\"><div class=\"w-iconbox-text\"><p>2 bottles of Hung\u00e1ria champagne<\/p>\n<\/div><\/div><\/div><\/div><\/div><div class=\"w-separator size_small\"><\/div><div class=\"wpb_text_column\"><div class=\"wpb_wrapper\"><p>Come, let&#8217;s celebrate together and make this day unforgettable! \ud83c\udf89\ud83e\udd73<\/p>\n<p>Price: 15.000 Ft \/ person (maximum 12 persons)<\/p>\n<\/div><\/div><\/div><\/div><\/div><\/div><\/div><\/div><\/div><div class=\"vc_col-sm-6 wpb_column vc_column_container\"><div class=\"vc_column-inner\"><div class=\"wpb_wrapper\"><\/div><\/div><\/div><\/div><\/div><\/section><section class=\"l-section wpb_row us_custom_b03640aa height_large width_full\"><div class=\"l-section-h i-cf\"><div class=\"g-cols vc_row via_flex valign_top type_default stacking_default\"><div class=\"vc_col-sm-12 wpb_column vc_column_container\"><div class=\"vc_column-inner\"><div class=\"wpb_wrapper\"><div class=\"w-grid type_carousel layout_gallery_cropped cols_2 ratio_16x9\" id=\"us_grid_1\" style=\"--gap:1.5rem;\"><style>#us_grid_1 .w-grid-item-h:before{padding-bottom:56.25%}.layout_gallery_cropped .w-grid-item-h:before{padding-bottom:100%}.layout_gallery_cropped .w-grid-item-h{}.layout_gallery_cropped .usg_post_image_1{position:absolute!important;left:0!important;top:0!important;bottom:0!important;right:0!important}<\/style><div class=\"w-grid-list owl-carousel navstyle_circle navpos_outside first_at_center\">\t<article class=\"w-grid-item post-4787 attachment type-attachment status-inherit hentry\" data-id=\"4787\">\r\n\t\t<div class=\"w-grid-item-h\">\r\n\t\t\t\t\t\t\t<a ref=\"magnificPopupGrid\" href=\"https:\/\/mmstudio.hu\/wp-content\/uploads\/2024\/05\/IMG_0081.jpg\" class=\"w-grid-item-anchor\" aria-label=\"IMG_0081\" title=\"IMG_0081\"><\/a>\r\n\t\t\t\t\t\t<div class=\"w-post-elm post_image usg_post_image_1 stretched\"><img decoding=\"async\" width=\"1536\" height=\"1024\" src=\"https:\/\/mmstudio.hu\/wp-content\/uploads\/2024\/05\/IMG_0081-1536x1024.jpg\" class=\"attachment-us_1536_1536 size-us_1536_1536\" alt=\"\" srcset=\"https:\/\/mmstudio.hu\/wp-content\/uploads\/2024\/05\/IMG_0081-1536x1024.jpg 1536w, https:\/\/mmstudio.hu\/wp-content\/uploads\/2024\/05\/IMG_0081-300x200.jpg 300w, https:\/\/mmstudio.hu\/wp-content\/uploads\/2024\/05\/IMG_0081-1024x683.jpg 1024w, https:\/\/mmstudio.hu\/wp-content\/uploads\/2024\/05\/IMG_0081.jpg 1920w\" sizes=\"(max-width: 1536px) 100vw, 1536px\" \/><\/div>\t\t<\/div>\r\n\t\t\t<\/article>\r\n\t<article class=\"w-grid-item post-4786 attachment type-attachment status-inherit hentry\" data-id=\"4786\">\r\n\t\t<div class=\"w-grid-item-h\">\r\n\t\t\t\t\t\t\t<a ref=\"magnificPopupGrid\" href=\"https:\/\/mmstudio.hu\/wp-content\/uploads\/2024\/05\/IMG_0023.jpg\" class=\"w-grid-item-anchor\" aria-label=\"Sz\u00fclet\u00e9snapi Party\" title=\"Sz\u00fclet\u00e9snapi Party\"><\/a>\r\n\t\t\t\t\t\t<div class=\"w-post-elm post_image usg_post_image_1 stretched\"><img decoding=\"async\" width=\"1536\" height=\"1024\" src=\"https:\/\/mmstudio.hu\/wp-content\/uploads\/2024\/05\/IMG_0023-1536x1024.jpg\" class=\"attachment-us_1536_1536 size-us_1536_1536\" alt=\"\" srcset=\"https:\/\/mmstudio.hu\/wp-content\/uploads\/2024\/05\/IMG_0023-1536x1024.jpg 1536w, https:\/\/mmstudio.hu\/wp-content\/uploads\/2024\/05\/IMG_0023-300x200.jpg 300w, https:\/\/mmstudio.hu\/wp-content\/uploads\/2024\/05\/IMG_0023-1024x683.jpg 1024w, https:\/\/mmstudio.hu\/wp-content\/uploads\/2024\/05\/IMG_0023.jpg 1920w\" sizes=\"(max-width: 1536px) 100vw, 1536px\" \/><\/div>\t\t<\/div>\r\n\t\t\t<\/article>\r\n\t<article class=\"w-grid-item post-4785 attachment type-attachment status-inherit hentry\" data-id=\"4785\">\r\n\t\t<div class=\"w-grid-item-h\">\r\n\t\t\t\t\t\t\t<a ref=\"magnificPopupGrid\" href=\"https:\/\/mmstudio.hu\/wp-content\/uploads\/2024\/05\/IMG_0021.jpg\" class=\"w-grid-item-anchor\" aria-label=\"MM Studi Sz\u00fclet\u00e9snapi Party\" title=\"MM Studi Sz\u00fclet\u00e9snapi Party\"><\/a>\r\n\t\t\t\t\t\t<div class=\"w-post-elm post_image usg_post_image_1 stretched\"><img decoding=\"async\" width=\"1536\" height=\"1024\" src=\"https:\/\/mmstudio.hu\/wp-content\/uploads\/2024\/05\/IMG_0021-1536x1024.jpg\" class=\"attachment-us_1536_1536 size-us_1536_1536\" alt=\"\" srcset=\"https:\/\/mmstudio.hu\/wp-content\/uploads\/2024\/05\/IMG_0021-1536x1024.jpg 1536w, https:\/\/mmstudio.hu\/wp-content\/uploads\/2024\/05\/IMG_0021-300x200.jpg 300w, https:\/\/mmstudio.hu\/wp-content\/uploads\/2024\/05\/IMG_0021-1024x683.jpg 1024w, https:\/\/mmstudio.hu\/wp-content\/uploads\/2024\/05\/IMG_0021.jpg 1920w\" sizes=\"(max-width: 1536px) 100vw, 1536px\" \/><\/div>\t\t<\/div>\r\n\t\t\t<\/article>\r\n\t<article class=\"w-grid-item post-4784 attachment type-attachment status-inherit hentry\" data-id=\"4784\">\r\n\t\t<div class=\"w-grid-item-h\">\r\n\t\t\t\t\t\t\t<a ref=\"magnificPopupGrid\" href=\"https:\/\/mmstudio.hu\/wp-content\/uploads\/2024\/05\/IMG_0015.jpg\" class=\"w-grid-item-anchor\" aria-label=\"Party\" title=\"Party\"><\/a>\r\n\t\t\t\t\t\t<div class=\"w-post-elm post_image usg_post_image_1 stretched\"><img decoding=\"async\" width=\"1536\" height=\"1024\" src=\"https:\/\/mmstudio.hu\/wp-content\/uploads\/2024\/05\/IMG_0015-1536x1024.jpg\" class=\"attachment-us_1536_1536 size-us_1536_1536\" alt=\"\" srcset=\"https:\/\/mmstudio.hu\/wp-content\/uploads\/2024\/05\/IMG_0015-1536x1024.jpg 1536w, https:\/\/mmstudio.hu\/wp-content\/uploads\/2024\/05\/IMG_0015-300x200.jpg 300w, https:\/\/mmstudio.hu\/wp-content\/uploads\/2024\/05\/IMG_0015-1024x683.jpg 1024w, https:\/\/mmstudio.hu\/wp-content\/uploads\/2024\/05\/IMG_0015.jpg 1920w\" sizes=\"(max-width: 1536px) 100vw, 1536px\" \/><\/div>\t\t<\/div>\r\n\t\t\t<\/article>\r\n<\/div>\t<div class=\"g-preloader type_1\">\r\n\t\t<div><\/div>\r\n\t<\/div>\r\n\t\t<div class=\"w-grid-json hidden\" onclick='return {&quot;action&quot;:&quot;us_ajax_grid&quot;,&quot;infinite_scroll&quot;:0,&quot;max_num_pages&quot;:1,&quot;pagination&quot;:&quot;none&quot;,&quot;template_vars&quot;:{&quot;columns&quot;:&quot;2&quot;,&quot;exclude_items&quot;:&quot;none&quot;,&quot;img_size&quot;:&quot;us_1536_1536&quot;,&quot;ignore_items_size&quot;:0,&quot;items_layout&quot;:&quot;gallery_cropped&quot;,&quot;items_offset&quot;:&quot;1&quot;,&quot;load_animation&quot;:&quot;none&quot;,&quot;overriding_link&quot;:&quot;%7B%22type%22%3A%22popup_image%22%7D&quot;,&quot;post_id&quot;:0,&quot;query_args&quot;:{&quot;post_type&quot;:[&quot;attachment&quot;],&quot;post__in&quot;:[&quot;4336&quot;,&quot;4335&quot;,&quot;4334&quot;,&quot;4337&quot;],&quot;post_status&quot;:&quot;inherit&quot;,&quot;post_mime_type&quot;:&quot;image&quot;,&quot;posts_per_page&quot;:999},&quot;orderby_query_args&quot;:{&quot;orderby&quot;:{&quot;date&quot;:&quot;DESC&quot;}},&quot;type&quot;:&quot;carousel&quot;,&quot;us_grid_post_type&quot;:&quot;attachment&quot;,&quot;us_grid_ajax_index&quot;:1,&quot;us_grid_filter_params&quot;:[],&quot;us_grid_index&quot;:1,&quot;page_args&quot;:[],&quot;lang&quot;:&quot;en&quot;},&quot;carousel_settings&quot;:{&quot;autoHeight&quot;:0,&quot;autoplay&quot;:1,&quot;carousel_fade&quot;:0,&quot;center&quot;:1,&quot;dots&quot;:0,&quot;items&quot;:&quot;2&quot;,&quot;loop&quot;:true,&quot;nav&quot;:0,&quot;slideby&quot;:&quot;1&quot;,&quot;smooth_play&quot;:0,&quot;speed&quot;:250,&quot;timeout&quot;:3000,&quot;transition&quot;:&quot;&quot;,&quot;aria_labels&quot;:{&quot;prev&quot;:&quot;Previous&quot;,&quot;next&quot;:&quot;Next&quot;}},&quot;carousel_breakpoints&quot;:{&quot;0&quot;:{&quot;autoHeight&quot;:0,&quot;autoplay&quot;:1,&quot;autoplayHoverPause&quot;:1,&quot;items&quot;:1,&quot;loop&quot;:true,&quot;stagePadding&quot;:0},&quot;601&quot;:{&quot;autoHeight&quot;:0,&quot;autoplay&quot;:1,&quot;autoplayHoverPause&quot;:1,&quot;items&quot;:2,&quot;loop&quot;:true,&quot;stagePadding&quot;:0},&quot;1025&quot;:{&quot;autoHeight&quot;:0,&quot;autoplay&quot;:1,&quot;autoplayHoverPause&quot;:1,&quot;items&quot;:2,&quot;loop&quot;:true,&quot;stagePadding&quot;:0},&quot;1381&quot;:{&quot;items&quot;:2,&quot;stagePadding&quot;:0}}}'><\/div>\r\n\t<\/div><\/div><\/div><\/div><\/div><\/div><\/section>\n","protected":false},"excerpt":{"rendered":"<p>In the heart of the city centre, a magical place awaits you! Celebrate your birthday or a bachelorette party at our studio, where you can not only kick off the party but also capture unforgettable memories.<\/p>\n","protected":false},"author":1,"featured_media":4787,"parent":4880,"menu_order":0,"comment_status":"closed","ping_status":"closed","template":"","meta":{"_acf_changed":false,"footnotes":""},"acf":[],"yoast_head":"<!-- This site is optimized with the Yoast SEO plugin v22.8 - https:\/\/yoast.com\/wordpress\/plugins\/seo\/ -->\n<title>Birthday | MM Studio<\/title>\n<meta name=\"description\" content=\"Sz\u00fclet\u00e9snapi buli, L\u00e1nyb\u00facs\u00fa fot\u00f3z\u00e1ssal az MM Studioban!\" \/>\n<meta name=\"robots\" content=\"index, follow, max-snippet:-1, max-image-preview:large, max-video-preview:-1\" \/>\n<link rel=\"canonical\" href=\"https:\/\/mmstudio.hu\/en\/services\/birthday\/\" \/>\n<meta property=\"og:locale\" content=\"en_US\" \/>\n<meta property=\"og:type\" content=\"article\" \/>\n<meta property=\"og:title\" content=\"Birthday | MM Studio\" \/>\n<meta property=\"og:description\" content=\"Sz\u00fclet\u00e9snapi buli, L\u00e1nyb\u00facs\u00fa fot\u00f3z\u00e1ssal az MM Studioban!\" \/>\n<meta property=\"og:url\" content=\"https:\/\/mmstudio.hu\/en\/services\/birthday\/\" \/>\n<meta property=\"og:site_name\" content=\"MM Studio\" \/>\n<meta property=\"article:publisher\" content=\"https:\/\/www.facebook.com\/MMStudioBudapest\/\" \/>\n<meta property=\"article:modified_time\" content=\"2025-02-28T14:34:41+00:00\" \/>\n<meta property=\"og:image\" content=\"https:\/\/mmstudio.hu\/wp-content\/uploads\/2024\/05\/IMG_0081.jpg\" \/>\n\t<meta property=\"og:image:width\" content=\"1920\" \/>\n\t<meta property=\"og:image:height\" content=\"1280\" \/>\n\t<meta property=\"og:image:type\" content=\"image\/jpeg\" \/>\n<meta name=\"twitter:card\" content=\"summary_large_image\" \/>\n<meta name=\"twitter:label1\" content=\"Est. reading time\" \/>\n\t<meta name=\"twitter:data1\" content=\"2 minutes\" \/>\n<script type=\"application\/ld+json\" class=\"yoast-schema-graph\">{\"@context\":\"https:\/\/schema.org\",\"@graph\":[{\"@type\":\"WebPage\",\"@id\":\"https:\/\/mmstudio.hu\/en\/services\/birthday\/\",\"url\":\"https:\/\/mmstudio.hu\/en\/services\/birthday\/\",\"name\":\"Birthday | MM Studio\",\"isPartOf\":{\"@id\":\"https:\/\/mmstudio.hu\/en\/#website\"},\"primaryImageOfPage\":{\"@id\":\"https:\/\/mmstudio.hu\/en\/services\/birthday\/#primaryimage\"},\"image\":{\"@id\":\"https:\/\/mmstudio.hu\/en\/services\/birthday\/#primaryimage\"},\"thumbnailUrl\":\"https:\/\/mmstudio.hu\/wp-content\/uploads\/2024\/05\/IMG_0081.jpg\",\"datePublished\":\"2024-05-30T11:27:30+00:00\",\"dateModified\":\"2025-02-28T14:34:41+00:00\",\"description\":\"Sz\u00fclet\u00e9snapi buli, L\u00e1nyb\u00facs\u00fa fot\u00f3z\u00e1ssal az MM Studioban!\",\"breadcrumb\":{\"@id\":\"https:\/\/mmstudio.hu\/en\/services\/birthday\/#breadcrumb\"},\"inLanguage\":\"en-US\",\"potentialAction\":[{\"@type\":\"ReadAction\",\"target\":[\"https:\/\/mmstudio.hu\/en\/services\/birthday\/\"]}]},{\"@type\":\"ImageObject\",\"inLanguage\":\"en-US\",\"@id\":\"https:\/\/mmstudio.hu\/en\/services\/birthday\/#primaryimage\",\"url\":\"https:\/\/mmstudio.hu\/wp-content\/uploads\/2024\/05\/IMG_0081.jpg\",\"contentUrl\":\"https:\/\/mmstudio.hu\/wp-content\/uploads\/2024\/05\/IMG_0081.jpg\",\"width\":1920,\"height\":1280},{\"@type\":\"BreadcrumbList\",\"@id\":\"https:\/\/mmstudio.hu\/en\/services\/birthday\/#breadcrumb\",\"itemListElement\":[{\"@type\":\"ListItem\",\"position\":1,\"name\":\"Kezd\u0151lap\",\"item\":\"https:\/\/mmstudio.hu\/en\/\"},{\"@type\":\"ListItem\",\"position\":2,\"name\":\"Services\",\"item\":\"https:\/\/mmstudio.hu\/en\/services\/\"},{\"@type\":\"ListItem\",\"position\":3,\"name\":\"Birthday\"}]},{\"@type\":\"WebSite\",\"@id\":\"https:\/\/mmstudio.hu\/en\/#website\",\"url\":\"https:\/\/mmstudio.hu\/en\/\",\"name\":\"MM Studio\",\"description\":\"B\u00e9relhet\u0151 fot\u00f3st\u00fadi\u00f3\",\"publisher\":{\"@id\":\"https:\/\/mmstudio.hu\/en\/#organization\"},\"potentialAction\":[{\"@type\":\"SearchAction\",\"target\":{\"@type\":\"EntryPoint\",\"urlTemplate\":\"https:\/\/mmstudio.hu\/en\/?s={search_term_string}\"},\"query-input\":\"required name=search_term_string\"}],\"inLanguage\":\"en-US\"},{\"@type\":\"Organization\",\"@id\":\"https:\/\/mmstudio.hu\/en\/#organization\",\"name\":\"MM Studio\",\"url\":\"https:\/\/mmstudio.hu\/en\/\",\"logo\":{\"@type\":\"ImageObject\",\"inLanguage\":\"en-US\",\"@id\":\"https:\/\/mmstudio.hu\/en\/#\/schema\/logo\/image\/\",\"url\":\"https:\/\/mmstudio.hu\/wp-content\/uploads\/2024\/04\/mm_logo-b.png\",\"contentUrl\":\"https:\/\/mmstudio.hu\/wp-content\/uploads\/2024\/04\/mm_logo-b.png\",\"width\":600,\"height\":207,\"caption\":\"MM Studio\"},\"image\":{\"@id\":\"https:\/\/mmstudio.hu\/en\/#\/schema\/logo\/image\/\"},\"sameAs\":[\"https:\/\/www.facebook.com\/MMStudioBudapest\/\"]}]}<\/script>\n<!-- \/ Yoast SEO plugin. -->","yoast_head_json":{"title":"Birthday | MM Studio","description":"Sz\u00fclet\u00e9snapi buli, L\u00e1nyb\u00facs\u00fa fot\u00f3z\u00e1ssal az MM Studioban!","robots":{"index":"index","follow":"follow","max-snippet":"max-snippet:-1","max-image-preview":"max-image-preview:large","max-video-preview":"max-video-preview:-1"},"canonical":"https:\/\/mmstudio.hu\/en\/services\/birthday\/","og_locale":"en_US","og_type":"article","og_title":"Birthday | MM Studio","og_description":"Sz\u00fclet\u00e9snapi buli, L\u00e1nyb\u00facs\u00fa fot\u00f3z\u00e1ssal az MM Studioban!","og_url":"https:\/\/mmstudio.hu\/en\/services\/birthday\/","og_site_name":"MM Studio","article_publisher":"https:\/\/www.facebook.com\/MMStudioBudapest\/","article_modified_time":"2025-02-28T14:34:41+00:00","og_image":[{"width":1920,"height":1280,"url":"https:\/\/mmstudio.hu\/wp-content\/uploads\/2024\/05\/IMG_0081.jpg","type":"image\/jpeg"}],"twitter_card":"summary_large_image","twitter_misc":{"Est. reading time":"2 minutes"},"schema":{"@context":"https:\/\/schema.org","@graph":[{"@type":"WebPage","@id":"https:\/\/mmstudio.hu\/en\/services\/birthday\/","url":"https:\/\/mmstudio.hu\/en\/services\/birthday\/","name":"Birthday | MM Studio","isPartOf":{"@id":"https:\/\/mmstudio.hu\/en\/#website"},"primaryImageOfPage":{"@id":"https:\/\/mmstudio.hu\/en\/services\/birthday\/#primaryimage"},"image":{"@id":"https:\/\/mmstudio.hu\/en\/services\/birthday\/#primaryimage"},"thumbnailUrl":"https:\/\/mmstudio.hu\/wp-content\/uploads\/2024\/05\/IMG_0081.jpg","datePublished":"2024-05-30T11:27:30+00:00","dateModified":"2025-02-28T14:34:41+00:00","description":"Sz\u00fclet\u00e9snapi buli, L\u00e1nyb\u00facs\u00fa fot\u00f3z\u00e1ssal az MM Studioban!","breadcrumb":{"@id":"https:\/\/mmstudio.hu\/en\/services\/birthday\/#breadcrumb"},"inLanguage":"en-US","potentialAction":[{"@type":"ReadAction","target":["https:\/\/mmstudio.hu\/en\/services\/birthday\/"]}]},{"@type":"ImageObject","inLanguage":"en-US","@id":"https:\/\/mmstudio.hu\/en\/services\/birthday\/#primaryimage","url":"https:\/\/mmstudio.hu\/wp-content\/uploads\/2024\/05\/IMG_0081.jpg","contentUrl":"https:\/\/mmstudio.hu\/wp-content\/uploads\/2024\/05\/IMG_0081.jpg","width":1920,"height":1280},{"@type":"BreadcrumbList","@id":"https:\/\/mmstudio.hu\/en\/services\/birthday\/#breadcrumb","itemListElement":[{"@type":"ListItem","position":1,"name":"Kezd\u0151lap","item":"https:\/\/mmstudio.hu\/en\/"},{"@type":"ListItem","position":2,"name":"Services","item":"https:\/\/mmstudio.hu\/en\/services\/"},{"@type":"ListItem","position":3,"name":"Birthday"}]},{"@type":"WebSite","@id":"https:\/\/mmstudio.hu\/en\/#website","url":"https:\/\/mmstudio.hu\/en\/","name":"MM Studio","description":"B\u00e9relhet\u0151 fot\u00f3st\u00fadi\u00f3","publisher":{"@id":"https:\/\/mmstudio.hu\/en\/#organization"},"potentialAction":[{"@type":"SearchAction","target":{"@type":"EntryPoint","urlTemplate":"https:\/\/mmstudio.hu\/en\/?s={search_term_string}"},"query-input":"required name=search_term_string"}],"inLanguage":"en-US"},{"@type":"Organization","@id":"https:\/\/mmstudio.hu\/en\/#organization","name":"MM Studio","url":"https:\/\/mmstudio.hu\/en\/","logo":{"@type":"ImageObject","inLanguage":"en-US","@id":"https:\/\/mmstudio.hu\/en\/#\/schema\/logo\/image\/","url":"https:\/\/mmstudio.hu\/wp-content\/uploads\/2024\/04\/mm_logo-b.png","contentUrl":"https:\/\/mmstudio.hu\/wp-content\/uploads\/2024\/04\/mm_logo-b.png","width":600,"height":207,"caption":"MM Studio"},"image":{"@id":"https:\/\/mmstudio.hu\/en\/#\/schema\/logo\/image\/"},"sameAs":["https:\/\/www.facebook.com\/MMStudioBudapest\/"]}]}},"_links":{"self":[{"href":"https:\/\/mmstudio.hu\/en\/wp-json\/wp\/v2\/pages\/4889"}],"collection":[{"href":"https:\/\/mmstudio.hu\/en\/wp-json\/wp\/v2\/pages"}],"about":[{"href":"https:\/\/mmstudio.hu\/en\/wp-json\/wp\/v2\/types\/page"}],"author":[{"embeddable":true,"href":"https:\/\/mmstudio.hu\/en\/wp-json\/wp\/v2\/users\/1"}],"replies":[{"embeddable":true,"href":"https:\/\/mmstudio.hu\/en\/wp-json\/wp\/v2\/comments?post=4889"}],"version-history":[{"count":3,"href":"https:\/\/mmstudio.hu\/en\/wp-json\/wp\/v2\/pages\/4889\/revisions"}],"predecessor-version":[{"id":4960,"href":"https:\/\/mmstudio.hu\/en\/wp-json\/wp\/v2\/pages\/4889\/revisions\/4960"}],"up":[{"embeddable":true,"href":"https:\/\/mmstudio.hu\/en\/wp-json\/wp\/v2\/pages\/4880"}],"wp:featuredmedia":[{"embeddable":true,"href":"https:\/\/mmstudio.hu\/en\/wp-json\/wp\/v2\/media\/4787"}],"wp:attachment":[{"href":"https:\/\/mmstudio.hu\/en\/wp-json\/wp\/v2\/media?parent=4889"}],"curies":[{"name":"wp","href":"https:\/\/api.w.org\/{rel}","templated":true}]}}