{"id":4894,"date":"2024-05-23T09:31:43","date_gmt":"2024-05-23T09:31:43","guid":{"rendered":"https:\/\/mmstudio.hu\/gyakori-kerdesek\/"},"modified":"2025-02-26T14:36:11","modified_gmt":"2025-02-26T14:36:11","slug":"gyakori-kerdesek","status":"publish","type":"page","link":"https:\/\/mmstudio.hu\/en\/gyakori-kerdesek\/","title":{"rendered":"Gyakori k\u00e9rd\u00e9sek"},"content":{"rendered":"<section class=\"l-section wpb_row height_custom\"><div class=\"l-section-h i-cf\"><div class=\"g-cols vc_row via_flex valign_top type_default stacking_default\"><div class=\"vc_col-sm-6 wpb_column vc_column_container\"><div class=\"vc_column-inner us_custom_60e9caca us_animate_this\"><div class=\"wpb_wrapper\"><h1 class=\"w-post-elm post_title entry-title color_link_inherit\">Gyakori k\u00e9rd\u00e9sek<\/h1><\/div><\/div><\/div><div class=\"vc_col-sm-6 wpb_column vc_column_container\"><div class=\"vc_column-inner\"><div class=\"wpb_wrapper\"><\/div><\/div><\/div><\/div><\/div><\/section><section class=\"l-section wpb_row us_custom_209d813c height_custom\"><div class=\"l-section-h i-cf\"><div class=\"g-cols vc_row via_flex valign_top type_default stacking_default\"><div class=\"vc_col-sm-12 wpb_column vc_column_container\"><div class=\"vc_column-inner us_custom_60e9caca us_animate_this\"><div class=\"wpb_wrapper\"><div class=\"w-tabs style_default switch_click accordion has_scrolling remove_indents\"><div class=\"w-tabs-sections titles-align_none icon_chevron cpos_right\"><div class=\"w-tabs-section active\" id=\"l790\"><button class=\"w-tabs-section-header active\" aria-controls=\"content-l790\" aria-expanded=\"true\"><h4 class=\"w-tabs-section-title\">What is included in the basic equipment?<\/h4><div class=\"w-tabs-section-control\"><\/div><\/button><div  class=\"w-tabs-section-content\" id=\"content-l790\"><div class=\"w-tabs-section-content-h i-cf\"><div class=\"wpb_text_column\"><div class=\"wpb_wrapper\"><ul>\n<li aria-level=\"1\">3 Godox flashes (1 x 1200Ws and 2 x 500Ws)<\/li>\n<li aria-level=\"1\">1 continuous light (Nanlite Forza 300B)<\/li>\n<li aria-level=\"1\">\u00a0Projection attachment with gobos<\/li>\n<li aria-level=\"1\">Philips steam station<\/li>\n<\/ul>\n<\/div><\/div><\/div><\/div><\/div><div class=\"w-tabs-section\" id=\"oabf\"><button class=\"w-tabs-section-header\" aria-controls=\"content-oabf\" aria-expanded=\"false\"><h4 class=\"w-tabs-section-title\">What light modifiers are included in the basic studio set?<\/h4><div class=\"w-tabs-section-control\"><\/div><\/button><div  class=\"w-tabs-section-content\" id=\"content-oabf\"><div class=\"w-tabs-section-content-h i-cf\"><div class=\"wpb_text_column\"><div class=\"wpb_wrapper\"><ul>\n<li aria-level=\"1\">2 strip boxes (40&#215;180 cm)<\/li>\n<li aria-level=\"1\">Octoboxes in sizes 90 cm, 120 cm, and 150 cm<\/li>\n<li aria-level=\"1\">Parabolic boxes in sizes 120 cm and 180 cm<\/li>\n<li aria-level=\"1\">Nanlite ball softbox (80 cm)<\/li>\n<li aria-level=\"1\">Beauty dish and reflector<\/li>\n<\/ul>\n<p>At the studio, you can choose from three sets, with prices covering the entire rental period. Please note that the selected set cannot be changed during a single rental.<\/p>\n<\/div><\/div><\/div><\/div><\/div><div class=\"w-tabs-section\" id=\"ida6\"><button class=\"w-tabs-section-header\" aria-controls=\"content-ida6\" aria-expanded=\"false\"><h4 class=\"w-tabs-section-title\">What does the video studio set include?<\/h4><div class=\"w-tabs-section-control\"><\/div><\/button><div  class=\"w-tabs-section-content\" id=\"content-ida6\"><div class=\"w-tabs-section-content-h i-cf\"><div class=\"wpb_text_column\"><div class=\"wpb_wrapper\"><ul>\n<li aria-level=\"1\">Basic set + 1 Nanlite 720B<\/li>\n<li aria-level=\"1\">\u00a04 Nanlite Pavotube II 30C<\/li>\n<li aria-level=\"1\">Nanlite ball softbox (120 cm)<\/li>\n<li aria-level=\"1\">Fresnel attachment<\/li>\n<\/ul>\n<p>The studio offers a choice of three different sets, priced for the entire rental period. Please note that the selected set cannot be changed during a rental.<\/p>\n<\/div><\/div><\/div><\/div><\/div><div class=\"w-tabs-section\" id=\"l0a8\"><button class=\"w-tabs-section-header\" aria-controls=\"content-l0a8\" aria-expanded=\"false\"><h4 class=\"w-tabs-section-title\">What does the creative studio set include?<\/h4><div class=\"w-tabs-section-control\"><\/div><\/button><div  class=\"w-tabs-section-content\" id=\"content-l0a8\"><div class=\"w-tabs-section-content-h i-cf\"><div class=\"wpb_text_column\"><div class=\"wpb_wrapper\"><ul>\n<li aria-level=\"1\">Basic set + Video set + 1 Profoto D2 1000<\/li>\n<li aria-level=\"1\">2 Profoto D2 500<\/li>\n<li aria-level=\"1\">Canon and Fuji triggers<\/li>\n<li aria-level=\"1\">90 cm and 150 cm octoboxes<\/li>\n<li aria-level=\"1\">Beauty dish<\/li>\n<li aria-level=\"1\">Smoke machine, fabric, textile, paper backdrops, and complimentary use of the painted floor. (In case of dirt, a fee of 4,000 HUF\/meter will be charged).<\/li>\n<\/ul>\n<p>The studio offers a choice of three different sets, priced for the entire rental period. Please note that the selected set cannot be changed during a rental.<\/p>\n<\/div><\/div><\/div><\/div><\/div><div class=\"w-tabs-section\" id=\"f339\"><button class=\"w-tabs-section-header\" aria-controls=\"content-f339\" aria-expanded=\"false\"><h4 class=\"w-tabs-section-title\">What does the assistant help with?<\/h4><div class=\"w-tabs-section-control\"><\/div><\/button><div  class=\"w-tabs-section-content\" id=\"content-f339\"><div class=\"w-tabs-section-content-h i-cf\"><div class=\"wpb_text_column\"><div class=\"wpb_wrapper\"><p>At the beginning of the photo shoot, the assistant helps set up the flashes. They assist with using the equipment and, upon request, demonstrate how the flash and LED lights work.<\/p>\n<\/div><\/div><\/div><\/div><\/div><div class=\"w-tabs-section\" id=\"s5e2\"><button class=\"w-tabs-section-header\" aria-controls=\"content-s5e2\" aria-expanded=\"false\"><h4 class=\"w-tabs-section-title\">How can I cancel my booking?<\/h4><div class=\"w-tabs-section-control\"><\/div><\/button><div  class=\"w-tabs-section-content\" id=\"content-s5e2\"><div class=\"w-tabs-section-content-h i-cf\"><div class=\"wpb_text_column\"><div class=\"wpb_wrapper\"><p>Studio bookings can be cancelled or modified free of charge up to 48 hours before the scheduled time. If cancelled within 48 hours of the booking, 50% of the fee will be charged. If the booking is not cancelled at least 24 hours in advance, the full amount will be invoiced.<\/p>\n<p>Changes to booking conditions between October 15 and December 31:<\/p>\n<p>During this period, bookings can be cancelled or modified free of charge up to 96 hours before the scheduled time. If cancelled within 96 hours, 50% of the fee will be charged. If the booking is not cancelled at least 48 hours in advance, the full amount will be invoiced.<\/p>\n<\/div><\/div><\/div><\/div><\/div><div class=\"w-tabs-section\" id=\"fa65\"><button class=\"w-tabs-section-header\" aria-controls=\"content-fa65\" aria-expanded=\"false\"><h4 class=\"w-tabs-section-title\">We\u2019d like to use the makeup room earlier. Is that possible?<\/h4><div class=\"w-tabs-section-control\"><\/div><\/button><div  class=\"w-tabs-section-content\" id=\"content-fa65\"><div class=\"w-tabs-section-content-h i-cf\"><div class=\"wpb_text_column\"><div class=\"wpb_wrapper\"><p>The makeup room is part of the studio, so it cannot be rented separately.<\/p>\n<\/div><\/div><\/div><\/div><\/div><div class=\"w-tabs-section\" id=\"hceb\"><button class=\"w-tabs-section-header\" aria-controls=\"content-hceb\" aria-expanded=\"false\"><h4 class=\"w-tabs-section-title\">How early can we arrive before the booking starts?<\/h4><div class=\"w-tabs-section-control\"><\/div><\/button><div  class=\"w-tabs-section-content\" id=\"content-hceb\"><div class=\"w-tabs-section-content-h i-cf\"><div class=\"wpb_text_column\"><div class=\"wpb_wrapper\"><p>Please arrive 10 minutes before your booking starts.<\/p>\n<\/div><\/div><\/div><\/div><\/div><div class=\"w-tabs-section\" id=\"of61\"><button class=\"w-tabs-section-header\" aria-controls=\"content-of61\" aria-expanded=\"false\"><h4 class=\"w-tabs-section-title\">Can we book just one hour on the weekend?<\/h4><div class=\"w-tabs-section-control\"><\/div><\/button><div  class=\"w-tabs-section-content\" id=\"content-of61\"><div class=\"w-tabs-section-content-h i-cf\"><div class=\"wpb_text_column\"><div class=\"wpb_wrapper\"><p>The minimum booking time on weekends is 2 hours. However, during the Christmas season, one-hour bookings are possible.<\/p>\n<\/div><\/div><\/div><\/div><\/div><div class=\"w-tabs-section\" id=\"a1ed\"><button class=\"w-tabs-section-header\" aria-controls=\"content-a1ed\" aria-expanded=\"false\"><h4 class=\"w-tabs-section-title\">What is the size of the cyclorama?<\/h4><div class=\"w-tabs-section-control\"><\/div><\/button><div  class=\"w-tabs-section-content\" id=\"content-a1ed\"><div class=\"w-tabs-section-content-h i-cf\"><div class=\"wpb_text_column\"><div class=\"wpb_wrapper\"><p>Our studio has a 6&#215;4 meter seamless, built-in white backdrop.<\/p>\n<\/div><\/div><\/div><\/div><\/div><div class=\"w-tabs-section\" id=\"z480\"><button class=\"w-tabs-section-header\" aria-controls=\"content-z480\" aria-expanded=\"false\"><h4 class=\"w-tabs-section-title\">Can we pay by credit card?<\/h4><div class=\"w-tabs-section-control\"><\/div><\/button><div  class=\"w-tabs-section-content\" id=\"content-z480\"><div class=\"w-tabs-section-content-h i-cf\"><div class=\"wpb_text_column\"><div class=\"wpb_wrapper\"><p>Yes, you can pay with a credit card.<\/p>\n<\/div><\/div><\/div><\/div><\/div><div class=\"w-tabs-section\" id=\"f6f2\"><button class=\"w-tabs-section-header\" aria-controls=\"content-f6f2\" aria-expanded=\"false\"><h4 class=\"w-tabs-section-title\">Is the studio dog-friendly?<\/h4><div class=\"w-tabs-section-control\"><\/div><\/button><div  class=\"w-tabs-section-content\" id=\"content-f6f2\"><div class=\"w-tabs-section-content-h i-cf\"><div class=\"wpb_text_column\"><div class=\"wpb_wrapper\"><p>Yes, the studio is dog-friendly, but please keep it clean!<\/p>\n<\/div><\/div><\/div><\/div><\/div><div class=\"w-tabs-section\" id=\"c993\"><button class=\"w-tabs-section-header\" aria-controls=\"content-c993\" aria-expanded=\"false\"><h4 class=\"w-tabs-section-title\">Where can I park?<\/h4><div class=\"w-tabs-section-control\"><\/div><\/button><div  class=\"w-tabs-section-content\" id=\"content-c993\"><div class=\"w-tabs-section-content-h i-cf\"><div class=\"wpb_text_column\"><div class=\"wpb_wrapper\"><p>Berzsenyi street or under the Fiumei \u00fat overpass.<\/p>\n<p>Under the flyover: +36 20\/30\/70 763 3089<\/p>\n<p>Berzsenyi Street: +36 20\/30\/70 763 3085<\/p>\n<\/div><\/div><\/div><\/div><\/div><div class=\"w-tabs-section\" id=\"fc10\"><button class=\"w-tabs-section-header\" aria-controls=\"content-fc10\" aria-expanded=\"false\"><h4 class=\"w-tabs-section-title\">Can I move the sofa or rearrange the studio?<\/h4><div class=\"w-tabs-section-control\"><\/div><\/button><div  class=\"w-tabs-section-content\" id=\"content-fc10\"><div class=\"w-tabs-section-content-h i-cf\"><div class=\"wpb_text_column\"><div class=\"wpb_wrapper\"><p>Yes, you can. Please ask for assistance if needed! It\u2019s important to leave the room in its original condition after your rental. The packing time is also included in your booking.<\/p>\n<\/div><\/div><\/div><\/div><\/div><div class=\"w-tabs-section\" id=\"je8f\"><button class=\"w-tabs-section-header\" aria-controls=\"content-je8f\" aria-expanded=\"false\"><h4 class=\"w-tabs-section-title\">Can I rent a camera or other equipment?<\/h4><div class=\"w-tabs-section-control\"><\/div><\/button><div  class=\"w-tabs-section-content\" id=\"content-je8f\"><div class=\"w-tabs-section-content-h i-cf\"><div class=\"wpb_text_column\"><div class=\"wpb_wrapper\"><p>Please indicate your equipment rental when booking! This way we can ensure that you have access to (Nanlite projector, Profoto equipment, lenses, cameras etc.)<\/p>\n<\/div><\/div><\/div><\/div><\/div><div class=\"w-tabs-section\" id=\"q13f\"><button class=\"w-tabs-section-header\" aria-controls=\"content-q13f\" aria-expanded=\"false\"><h4 class=\"w-tabs-section-title\">Is there an elevator in the building?<\/h4><div class=\"w-tabs-section-control\"><\/div><\/button><div  class=\"w-tabs-section-content\" id=\"content-q13f\"><div class=\"w-tabs-section-content-h i-cf\"><div class=\"wpb_text_column\"><div class=\"wpb_wrapper\"><p>Unfortunately, there is no elevator in the building. The studio is located on the first floor.<\/p>\n<\/div><\/div><\/div><\/div><\/div><div class=\"w-tabs-section\" id=\"z3bf\"><button class=\"w-tabs-section-header\" aria-controls=\"content-z3bf\" aria-expanded=\"false\"><h4 class=\"w-tabs-section-title\">Is the studio air-conditioned?<\/h4><div class=\"w-tabs-section-control\"><\/div><\/button><div  class=\"w-tabs-section-content\" id=\"content-z3bf\"><div class=\"w-tabs-section-content-h i-cf\"><div class=\"wpb_text_column\"><div class=\"wpb_wrapper\"><p>Yes, the studio has air conditioning.<\/p>\n<\/div><\/div><\/div><\/div><\/div><div class=\"w-tabs-section\" id=\"j63e\"><button class=\"w-tabs-section-header\" aria-controls=\"content-j63e\" aria-expanded=\"false\"><h4 class=\"w-tabs-section-title\">If we finish the photo shoot earlier, can we get a discount?<\/h4><div class=\"w-tabs-section-control\"><\/div><\/button><div  class=\"w-tabs-section-content\" id=\"content-j63e\"><div class=\"w-tabs-section-content-h i-cf\"><div class=\"wpb_text_column\"><div class=\"wpb_wrapper\"><p>Since this time is exclusively reserved for you, we cannot offer a discount.<\/p>\n<\/div><\/div><\/div><\/div><\/div><div class=\"w-tabs-section\" id=\"t8bd\"><button class=\"w-tabs-section-header\" aria-controls=\"content-t8bd\" aria-expanded=\"false\"><h4 class=\"w-tabs-section-title\">What colour paper backdrops are available?<\/h4><div class=\"w-tabs-section-control\"><\/div><\/button><div  class=\"w-tabs-section-content\" id=\"content-t8bd\"><div class=\"w-tabs-section-content-h i-cf\"><div class=\"wpb_text_column\"><div class=\"wpb_wrapper\"><p>You can check the current colours on our Instagram page.<\/p>\n<\/div><\/div><\/div><\/div><\/div><\/div><\/div><\/div><\/div><\/div><\/div><\/div><\/section>\n","protected":false},"excerpt":{"rendered":"Gyakori k\u00e9rd\u00e9sekWhat is included in the basic equipment? 3 Godox flashes (1 x 1200Ws and 2 x 500Ws) 1 continuous light (Nanlite Forza 300B) \u00a0Projection attachment with gobos Philips steam station What light modifiers are included in the basic studio set? 2 strip boxes (40&#215;180 cm) Octoboxes in sizes 90 cm, 120 cm, and 150...","protected":false},"author":1,"featured_media":0,"parent":0,"menu_order":0,"comment_status":"closed","ping_status":"closed","template":"","meta":{"_acf_changed":false,"footnotes":""},"acf":[],"yoast_head":"<!-- This site is optimized with the Yoast SEO plugin v22.8 - https:\/\/yoast.com\/wordpress\/plugins\/seo\/ -->\n<title>Gyakori k\u00e9rd\u00e9sek | MM Studio<\/title>\n<meta name=\"robots\" content=\"index, follow, max-snippet:-1, max-image-preview:large, max-video-preview:-1\" \/>\n<link rel=\"canonical\" href=\"https:\/\/mmstudio.hu\/en\/gyakori-kerdesek\/\" \/>\n<meta property=\"og:locale\" content=\"en_US\" \/>\n<meta property=\"og:type\" content=\"article\" \/>\n<meta property=\"og:title\" content=\"Gyakori k\u00e9rd\u00e9sek | MM Studio\" \/>\n<meta property=\"og:url\" content=\"https:\/\/mmstudio.hu\/en\/gyakori-kerdesek\/\" \/>\n<meta property=\"og:site_name\" content=\"MM Studio\" \/>\n<meta property=\"article:publisher\" content=\"https:\/\/www.facebook.com\/MMStudioBudapest\/\" \/>\n<meta property=\"article:modified_time\" content=\"2025-02-26T14:36:11+00:00\" \/>\n<meta property=\"og:image\" content=\"https:\/\/mmstudio.hu\/wp-content\/uploads\/2024\/05\/MM-Studio-003.jpg\" \/>\n\t<meta property=\"og:image:width\" content=\"1920\" \/>\n\t<meta property=\"og:image:height\" content=\"1440\" \/>\n\t<meta property=\"og:image:type\" content=\"image\/jpeg\" \/>\n<meta name=\"twitter:card\" content=\"summary_large_image\" \/>\n<meta name=\"twitter:label1\" content=\"Est. reading time\" \/>\n\t<meta name=\"twitter:data1\" content=\"4 minutes\" \/>\n<script type=\"application\/ld+json\" class=\"yoast-schema-graph\">{\"@context\":\"https:\/\/schema.org\",\"@graph\":[{\"@type\":\"WebPage\",\"@id\":\"https:\/\/mmstudio.hu\/en\/gyakori-kerdesek\/\",\"url\":\"https:\/\/mmstudio.hu\/en\/gyakori-kerdesek\/\",\"name\":\"Gyakori k\u00e9rd\u00e9sek | MM Studio\",\"isPartOf\":{\"@id\":\"https:\/\/mmstudio.hu\/en\/#website\"},\"datePublished\":\"2024-05-23T09:31:43+00:00\",\"dateModified\":\"2025-02-26T14:36:11+00:00\",\"breadcrumb\":{\"@id\":\"https:\/\/mmstudio.hu\/en\/gyakori-kerdesek\/#breadcrumb\"},\"inLanguage\":\"en-US\",\"potentialAction\":[{\"@type\":\"ReadAction\",\"target\":[\"https:\/\/mmstudio.hu\/en\/gyakori-kerdesek\/\"]}]},{\"@type\":\"BreadcrumbList\",\"@id\":\"https:\/\/mmstudio.hu\/en\/gyakori-kerdesek\/#breadcrumb\",\"itemListElement\":[{\"@type\":\"ListItem\",\"position\":1,\"name\":\"Kezd\u0151lap\",\"item\":\"https:\/\/mmstudio.hu\/en\/\"},{\"@type\":\"ListItem\",\"position\":2,\"name\":\"Gyakori k\u00e9rd\u00e9sek\"}]},{\"@type\":\"WebSite\",\"@id\":\"https:\/\/mmstudio.hu\/en\/#website\",\"url\":\"https:\/\/mmstudio.hu\/en\/\",\"name\":\"MM Studio\",\"description\":\"B\u00e9relhet\u0151 fot\u00f3st\u00fadi\u00f3\",\"publisher\":{\"@id\":\"https:\/\/mmstudio.hu\/en\/#organization\"},\"potentialAction\":[{\"@type\":\"SearchAction\",\"target\":{\"@type\":\"EntryPoint\",\"urlTemplate\":\"https:\/\/mmstudio.hu\/en\/?s={search_term_string}\"},\"query-input\":\"required name=search_term_string\"}],\"inLanguage\":\"en-US\"},{\"@type\":\"Organization\",\"@id\":\"https:\/\/mmstudio.hu\/en\/#organization\",\"name\":\"MM Studio\",\"url\":\"https:\/\/mmstudio.hu\/en\/\",\"logo\":{\"@type\":\"ImageObject\",\"inLanguage\":\"en-US\",\"@id\":\"https:\/\/mmstudio.hu\/en\/#\/schema\/logo\/image\/\",\"url\":\"https:\/\/mmstudio.hu\/wp-content\/uploads\/2024\/04\/mm_logo-b.png\",\"contentUrl\":\"https:\/\/mmstudio.hu\/wp-content\/uploads\/2024\/04\/mm_logo-b.png\",\"width\":600,\"height\":207,\"caption\":\"MM Studio\"},\"image\":{\"@id\":\"https:\/\/mmstudio.hu\/en\/#\/schema\/logo\/image\/\"},\"sameAs\":[\"https:\/\/www.facebook.com\/MMStudioBudapest\/\"]}]}<\/script>\n<!-- \/ Yoast SEO plugin. -->","yoast_head_json":{"title":"Gyakori k\u00e9rd\u00e9sek | MM Studio","robots":{"index":"index","follow":"follow","max-snippet":"max-snippet:-1","max-image-preview":"max-image-preview:large","max-video-preview":"max-video-preview:-1"},"canonical":"https:\/\/mmstudio.hu\/en\/gyakori-kerdesek\/","og_locale":"en_US","og_type":"article","og_title":"Gyakori k\u00e9rd\u00e9sek | MM Studio","og_url":"https:\/\/mmstudio.hu\/en\/gyakori-kerdesek\/","og_site_name":"MM Studio","article_publisher":"https:\/\/www.facebook.com\/MMStudioBudapest\/","article_modified_time":"2025-02-26T14:36:11+00:00","og_image":[{"width":1920,"height":1440,"url":"https:\/\/mmstudio.hu\/wp-content\/uploads\/2024\/05\/MM-Studio-003.jpg","type":"image\/jpeg"}],"twitter_card":"summary_large_image","twitter_misc":{"Est. reading time":"4 minutes"},"schema":{"@context":"https:\/\/schema.org","@graph":[{"@type":"WebPage","@id":"https:\/\/mmstudio.hu\/en\/gyakori-kerdesek\/","url":"https:\/\/mmstudio.hu\/en\/gyakori-kerdesek\/","name":"Gyakori k\u00e9rd\u00e9sek | MM Studio","isPartOf":{"@id":"https:\/\/mmstudio.hu\/en\/#website"},"datePublished":"2024-05-23T09:31:43+00:00","dateModified":"2025-02-26T14:36:11+00:00","breadcrumb":{"@id":"https:\/\/mmstudio.hu\/en\/gyakori-kerdesek\/#breadcrumb"},"inLanguage":"en-US","potentialAction":[{"@type":"ReadAction","target":["https:\/\/mmstudio.hu\/en\/gyakori-kerdesek\/"]}]},{"@type":"BreadcrumbList","@id":"https:\/\/mmstudio.hu\/en\/gyakori-kerdesek\/#breadcrumb","itemListElement":[{"@type":"ListItem","position":1,"name":"Kezd\u0151lap","item":"https:\/\/mmstudio.hu\/en\/"},{"@type":"ListItem","position":2,"name":"Gyakori k\u00e9rd\u00e9sek"}]},{"@type":"WebSite","@id":"https:\/\/mmstudio.hu\/en\/#website","url":"https:\/\/mmstudio.hu\/en\/","name":"MM Studio","description":"B\u00e9relhet\u0151 fot\u00f3st\u00fadi\u00f3","publisher":{"@id":"https:\/\/mmstudio.hu\/en\/#organization"},"potentialAction":[{"@type":"SearchAction","target":{"@type":"EntryPoint","urlTemplate":"https:\/\/mmstudio.hu\/en\/?s={search_term_string}"},"query-input":"required name=search_term_string"}],"inLanguage":"en-US"},{"@type":"Organization","@id":"https:\/\/mmstudio.hu\/en\/#organization","name":"MM Studio","url":"https:\/\/mmstudio.hu\/en\/","logo":{"@type":"ImageObject","inLanguage":"en-US","@id":"https:\/\/mmstudio.hu\/en\/#\/schema\/logo\/image\/","url":"https:\/\/mmstudio.hu\/wp-content\/uploads\/2024\/04\/mm_logo-b.png","contentUrl":"https:\/\/mmstudio.hu\/wp-content\/uploads\/2024\/04\/mm_logo-b.png","width":600,"height":207,"caption":"MM Studio"},"image":{"@id":"https:\/\/mmstudio.hu\/en\/#\/schema\/logo\/image\/"},"sameAs":["https:\/\/www.facebook.com\/MMStudioBudapest\/"]}]}},"_links":{"self":[{"href":"https:\/\/mmstudio.hu\/en\/wp-json\/wp\/v2\/pages\/4894"}],"collection":[{"href":"https:\/\/mmstudio.hu\/en\/wp-json\/wp\/v2\/pages"}],"about":[{"href":"https:\/\/mmstudio.hu\/en\/wp-json\/wp\/v2\/types\/page"}],"author":[{"embeddable":true,"href":"https:\/\/mmstudio.hu\/en\/wp-json\/wp\/v2\/users\/1"}],"replies":[{"embeddable":true,"href":"https:\/\/mmstudio.hu\/en\/wp-json\/wp\/v2\/comments?post=4894"}],"version-history":[{"count":2,"href":"https:\/\/mmstudio.hu\/en\/wp-json\/wp\/v2\/pages\/4894\/revisions"}],"predecessor-version":[{"id":4941,"href":"https:\/\/mmstudio.hu\/en\/wp-json\/wp\/v2\/pages\/4894\/revisions\/4941"}],"wp:attachment":[{"href":"https:\/\/mmstudio.hu\/en\/wp-json\/wp\/v2\/media?parent=4894"}],"curies":[{"name":"wp","href":"https:\/\/api.w.org\/{rel}","templated":true}]}}